{"id":15,"date":"2021-10-30T11:58:39","date_gmt":"2021-10-30T09:58:39","guid":{"rendered":"http:\/\/scpo-cybersecurityassociation.com\/?page_id=15"},"modified":"2026-02-02T00:05:26","modified_gmt":"2026-02-01T23:05:26","slug":"events","status":"publish","type":"page","link":"https:\/\/scpo-cybersecurityassociation.com\/index.php\/events\/","title":{"rendered":"Events"},"content":{"rendered":"\n<h2 class=\"wp-block-heading\" id=\"events-powered-by-sca\"><\/h2>\n\n\n\n<div style=\"height:29px\" aria-hidden=\"true\" class=\"wp-block-spacer\"><\/div>\n\n\n\n<p>Find our past and upcoming events, organised online and in person in Paris.<\/p>\n\n\n\n<hr class=\"wp-block-separator has-css-opacity\"\/>\n\n\n<ul class=\"wp-block-latest-posts__list has-dates wp-block-latest-posts\"><li><a class=\"wp-block-latest-posts__post-title\" href=\"https:\/\/scpo-cybersecurityassociation.com\/index.php\/2025\/04\/18\/la-politique-face-aux-enjeux-du-numerique-et-de-lia\/\">La politique face aux enjeux du num\u00e9rique et de l&#8217;IA<\/a><time datetime=\"2025-04-18T09:57:23+02:00\" class=\"wp-block-latest-posts__post-date\">18 April 2025<\/time><\/li>\n<li><a class=\"wp-block-latest-posts__post-title\" href=\"https:\/\/scpo-cybersecurityassociation.com\/index.php\/2025\/04\/12\/spring-wargame\/\">Spring wargame<\/a><time datetime=\"2025-04-12T09:48:56+02:00\" class=\"wp-block-latest-posts__post-date\">12 April 2025<\/time><\/li>\n<li><a class=\"wp-block-latest-posts__post-title\" href=\"https:\/\/scpo-cybersecurityassociation.com\/index.php\/2025\/03\/06\/carrieres-dans-la-cybersecurite-secteur-public\/\">Carri\u00e8res dans la cybers\u00e9curit\u00e9: secteur public<\/a><time datetime=\"2025-03-06T12:15:58+01:00\" class=\"wp-block-latest-posts__post-date\">6 March 2025<\/time><\/li>\n<li><a class=\"wp-block-latest-posts__post-title\" href=\"https:\/\/scpo-cybersecurityassociation.com\/index.php\/2025\/03\/05\/careers-in-cybersecurity-international-careers\/\">Careers in cybersecurity : international careers<\/a><time datetime=\"2025-03-05T12:13:55+01:00\" class=\"wp-block-latest-posts__post-date\">5 March 2025<\/time><\/li>\n<li><a class=\"wp-block-latest-posts__post-title\" href=\"https:\/\/scpo-cybersecurityassociation.com\/index.php\/2025\/03\/04\/careers-in-cybersecurity-private-sector\/\">Careers in cybersecurity : private sector<\/a><time datetime=\"2025-03-04T12:11:53+01:00\" class=\"wp-block-latest-posts__post-date\">4 March 2025<\/time><\/li>\n<li><a class=\"wp-block-latest-posts__post-title\" href=\"https:\/\/scpo-cybersecurityassociation.com\/index.php\/2025\/02\/26\/winter-wargame-ever-wondered-what-is-like-to-be-a-cyber-intelligence-officer\/\">Winter Wargame : ever wondered what is like to be a cyber intelligence officer?<\/a><time datetime=\"2025-02-26T21:19:18+01:00\" class=\"wp-block-latest-posts__post-date\">26 February 2025<\/time><\/li>\n<li><a class=\"wp-block-latest-posts__post-title\" href=\"https:\/\/scpo-cybersecurityassociation.com\/index.php\/2025\/02\/05\/paris-ai-action-summit-whats-next-for-ai-governance\/\">Paris\u00a0AI\u00a0Action Summit: What\u2019s Next for\u00a0AI\u00a0Governance?<\/a><time datetime=\"2025-02-05T21:06:50+01:00\" class=\"wp-block-latest-posts__post-date\">5 February 2025<\/time><\/li>\n<li><a class=\"wp-block-latest-posts__post-title\" href=\"https:\/\/scpo-cybersecurityassociation.com\/index.php\/2024\/11\/26\/disinformation-in-the-us-presidential-elections-fake-news-real-impact\/\">Disinformation in the US Presidential Elections: Fake News, Real Impact<\/a><time datetime=\"2024-11-26T09:46:37+01:00\" class=\"wp-block-latest-posts__post-date\">26 November 2024<\/time><\/li>\n<li><a class=\"wp-block-latest-posts__post-title\" href=\"https:\/\/scpo-cybersecurityassociation.com\/index.php\/2024\/10\/21\/workshop-web-dev-for-beginners-code-your-cv\/\">Workshop : Web Dev for beginners, code your CV<\/a><time datetime=\"2024-10-21T09:41:20+02:00\" class=\"wp-block-latest-posts__post-date\">21 October 2024<\/time><\/li>\n<li><a class=\"wp-block-latest-posts__post-title\" href=\"https:\/\/scpo-cybersecurityassociation.com\/index.php\/2024\/09\/20\/securing-the-2024-paris-olympic-games-a-technological-challenge\/\">Securing the 2024 Paris Olympic Games: a technological challenge<\/a><time datetime=\"2024-09-20T09:31:50+02:00\" class=\"wp-block-latest-posts__post-date\">20 September 2024<\/time><\/li>\n<li><a class=\"wp-block-latest-posts__post-title\" href=\"https:\/\/scpo-cybersecurityassociation.com\/index.php\/2024\/03\/21\/26-03-2024-internet-governance-where-technical-protocols-meet-global-affairs\/\">26\/03\/2024: Internet Governance: Where technical protocols meet global affairs<\/a><time datetime=\"2024-03-21T01:00:04+01:00\" class=\"wp-block-latest-posts__post-date\">21 March 2024<\/time><\/li>\n<li><a class=\"wp-block-latest-posts__post-title\" href=\"https:\/\/scpo-cybersecurityassociation.com\/index.php\/2024\/03\/21\/04-05-03-2024-careers-in-cybersecurity-strategy-and-diplomacy-cti-and-international-careers\/\">04-05\/03\/2024: Careers in Cybersecurity: Strategy and Diplomacy, CTI and International Careers<\/a><time datetime=\"2024-03-21T00:50:30+01:00\" class=\"wp-block-latest-posts__post-date\">21 March 2024<\/time><\/li>\n<li><a class=\"wp-block-latest-posts__post-title\" href=\"https:\/\/scpo-cybersecurityassociation.com\/index.php\/2024\/02\/22\/28-02-2024-the-challenge-of-regulating-ai-striking-balance-in-ai-governance\/\">28\/02\/2024: The Challenge of Regulating AI: Striking Balance in AI Governance<\/a><time datetime=\"2024-02-22T23:55:34+01:00\" class=\"wp-block-latest-posts__post-date\">22 February 2024<\/time><\/li>\n<li><a class=\"wp-block-latest-posts__post-title\" href=\"https:\/\/scpo-cybersecurityassociation.com\/index.php\/2024\/01\/28\/30-01-01-02-2024-the-age-of-military-ai-navigating-security-and-policy-implications\/\">30\/01-01\/02\/2024: The Age of Military AI: Navigating Security and Policy Implications<\/a><time datetime=\"2024-01-28T01:15:32+01:00\" class=\"wp-block-latest-posts__post-date\">28 January 2024<\/time><\/li>\n<li><a class=\"wp-block-latest-posts__post-title\" href=\"https:\/\/scpo-cybersecurityassociation.com\/index.php\/2023\/11\/30\/30-11-2023-digital-battlefields-social-media-disinformation-and-the-struggle-for-narrative-control-in-the-israel-hamas-conflict\/\">30\/11\/2023: Digital Battlefields: Social Media, Disinformation and the Struggle for Narrative Control in the Israel-Hamas Conflict<\/a><time datetime=\"2023-11-30T19:46:44+01:00\" class=\"wp-block-latest-posts__post-date\">30 November 2023<\/time><\/li>\n<li><a class=\"wp-block-latest-posts__post-title\" href=\"https:\/\/scpo-cybersecurityassociation.com\/index.php\/2023\/11\/29\/29-11-2023-cyber-threat-intelligence-how-to-become-a-cti-analyst\/\">29\/11\/2023: Cyber Threat Intelligence: How to Become a CTI Analyst?<\/a><time datetime=\"2023-11-29T19:36:01+01:00\" class=\"wp-block-latest-posts__post-date\">29 November 2023<\/time><\/li>\n<li><a class=\"wp-block-latest-posts__post-title\" href=\"https:\/\/scpo-cybersecurityassociation.com\/index.php\/2023\/10\/29\/17-10-2023-steering-ai-a-look-into-risks-and-governance\/\">17\/10\/2023: Steering AI: A Look into Risks and Governance<\/a><time datetime=\"2023-10-29T22:35:01+01:00\" class=\"wp-block-latest-posts__post-date\">29 October 2023<\/time><\/li>\n<li><a class=\"wp-block-latest-posts__post-title\" href=\"https:\/\/scpo-cybersecurityassociation.com\/index.php\/2023\/04\/12\/13-04-2023-masterclass-cyber-warfare-in-the-middle-east-the-case-of-iran-with-julien-vialle-and-antoine-le-pourhiet\/\">13\/04\/2023: Masterclass &#8211; Cyber warfare in the Middle-East &#8211; the case of Iran with Julien Vialle and Antoine Le Pourhiet<\/a><time datetime=\"2023-04-12T14:21:05+02:00\" class=\"wp-block-latest-posts__post-date\">12 April 2023<\/time><\/li>\n<li><a class=\"wp-block-latest-posts__post-title\" href=\"https:\/\/scpo-cybersecurityassociation.com\/index.php\/2023\/04\/12\/05-04-2023-chinas-cyber-authoritarianism-strategy-with-emile-dirks-and-nowmay-opalinski\/\">05\/04\/2023: China&#8217;s Cyber Authoritarianism Strategy with Emile Dirks and Nowmay Opalinski<\/a><time datetime=\"2023-04-12T14:03:12+02:00\" class=\"wp-block-latest-posts__post-date\">12 April 2023<\/time><\/li>\n<li><a class=\"wp-block-latest-posts__post-title\" href=\"https:\/\/scpo-cybersecurityassociation.com\/index.php\/2023\/03\/27\/30-03-2023-conference-on-cyber-threat-landscape-with-emmanuel-naegelen\/\">30\/03\/2023: Conference on Cyber Threat Landscape with Emmanuel Na\u00ebgelen<\/a><time datetime=\"2023-03-27T14:06:52+02:00\" class=\"wp-block-latest-posts__post-date\">27 March 2023<\/time><\/li>\n<li><a class=\"wp-block-latest-posts__post-title\" href=\"https:\/\/scpo-cybersecurityassociation.com\/index.php\/2023\/03\/27\/28-03-2023-ia-ethique-guerre-quelle-reconciliation\/\">28\/03\/2023: IA, Ethique, Guerre : Quelle r\u00e9conciliation ?<\/a><time datetime=\"2023-03-27T13:58:35+02:00\" class=\"wp-block-latest-posts__post-date\">27 March 2023<\/time><\/li>\n<li><a class=\"wp-block-latest-posts__post-title\" href=\"https:\/\/scpo-cybersecurityassociation.com\/index.php\/2023\/03\/17\/21-23-03-2023-cyber-careers-week-with-sca\/\">21-23\/03\/2023: Cyber Careers Week with SCA<\/a><time datetime=\"2023-03-17T00:27:31+01:00\" class=\"wp-block-latest-posts__post-date\">17 March 2023<\/time><\/li>\n<li><a class=\"wp-block-latest-posts__post-title\" href=\"https:\/\/scpo-cybersecurityassociation.com\/index.php\/2023\/03\/17\/16-03-2023-introduction-to-osint-with-baptiste-robert\/\">16\/03\/2023: Introduction to OSINT with Baptiste Robert<\/a><time datetime=\"2023-03-17T00:22:18+01:00\" class=\"wp-block-latest-posts__post-date\">17 March 2023<\/time><\/li>\n<li><a class=\"wp-block-latest-posts__post-title\" href=\"https:\/\/scpo-cybersecurityassociation.com\/index.php\/2023\/02\/17\/09-03-2023-european-innovation-and-cybersecurity-with-dominique-tessier-and-ingrid-sollner\/\">09\/03\/2023: European Innovation and Cybersecurity with Dominique Tessier and Ingrid S\u00f6llner<\/a><time datetime=\"2023-02-17T16:44:47+01:00\" class=\"wp-block-latest-posts__post-date\">17 February 2023<\/time><\/li>\n<li><a class=\"wp-block-latest-posts__post-title\" href=\"https:\/\/scpo-cybersecurityassociation.com\/index.php\/2023\/02\/17\/16-02-2023-atelier-carriere-integrer-lanssi-with-hugo-zylberberg\/\">16\/02\/2023: Atelier Carri\u00e8re. Int\u00e9grer l&#8217;ANSSI with Hugo Zylberberg<\/a><time datetime=\"2023-02-17T13:30:33+01:00\" class=\"wp-block-latest-posts__post-date\">17 February 2023<\/time><\/li>\n<li><a class=\"wp-block-latest-posts__post-title\" href=\"https:\/\/scpo-cybersecurityassociation.com\/index.php\/2023\/01\/25\/08-02-2023-le-secteur-de-la-sante-face-aux-cyberattaques-quels-enjeux-pour-la-france\/\">08.02.2023: Le secteur de la sant\u00e9 face aux cyberattaques: quels enjeux pour la France ?<\/a><time datetime=\"2023-01-25T15:27:57+01:00\" class=\"wp-block-latest-posts__post-date\">25 January 2023<\/time><\/li>\n<li><a class=\"wp-block-latest-posts__post-title\" href=\"https:\/\/scpo-cybersecurityassociation.com\/index.php\/2023\/01\/13\/31-01-2023-first-afterwork-of-the-year\/\">01.02.2023: First afterwork of the year!<\/a><time datetime=\"2023-01-13T20:16:39+01:00\" class=\"wp-block-latest-posts__post-date\">13 January 2023<\/time><\/li>\n<li><a class=\"wp-block-latest-posts__post-title\" href=\"https:\/\/scpo-cybersecurityassociation.com\/index.php\/2022\/11\/21\/25-11-2022-visit-the-campus-cyber-with-the-sciences-po-cybersecurity-association\/\">25.11.2022: Visit the Campus Cyber with the Sciences Po Cybersecurity Association<\/a><time datetime=\"2022-11-21T22:50:18+01:00\" class=\"wp-block-latest-posts__post-date\">21 November 2022<\/time><\/li>\n<li><a class=\"wp-block-latest-posts__post-title\" href=\"https:\/\/scpo-cybersecurityassociation.com\/index.php\/2022\/11\/21\/22-11-2022-investigating-on-the-dark-web-with-hadrien-bouffier\/\">22.11.2022: Investigating on the dark web with Hadrien Bouffier<\/a><time datetime=\"2022-11-21T22:46:06+01:00\" class=\"wp-block-latest-posts__post-date\">21 November 2022<\/time><\/li>\n<li><a class=\"wp-block-latest-posts__post-title\" href=\"https:\/\/scpo-cybersecurityassociation.com\/index.php\/2022\/11\/06\/15-11-2022-discovering-nato-cyber-defence-policy\/\">15.11.2022: Discovering NATO Cyber Defence Policy<\/a><time datetime=\"2022-11-06T19:24:32+01:00\" class=\"wp-block-latest-posts__post-date\">6 November 2022<\/time><\/li>\n<\/ul>","protected":false},"excerpt":{"rendered":"<p>Find our past and upcoming events, organised online and in person in Paris.<\/p>\n","protected":false},"author":7,"featured_media":0,"parent":0,"menu_order":0,"comment_status":"closed","ping_status":"closed","template":"","meta":{"footnotes":""},"class_list":["post-15","page","type-page","status-publish","hentry"],"_links":{"self":[{"href":"https:\/\/scpo-cybersecurityassociation.com\/index.php\/wp-json\/wp\/v2\/pages\/15","targetHints":{"allow":["GET"]}}],"collection":[{"href":"https:\/\/scpo-cybersecurityassociation.com\/index.php\/wp-json\/wp\/v2\/pages"}],"about":[{"href":"https:\/\/scpo-cybersecurityassociation.com\/index.php\/wp-json\/wp\/v2\/types\/page"}],"author":[{"embeddable":true,"href":"https:\/\/scpo-cybersecurityassociation.com\/index.php\/wp-json\/wp\/v2\/users\/7"}],"replies":[{"embeddable":true,"href":"https:\/\/scpo-cybersecurityassociation.com\/index.php\/wp-json\/wp\/v2\/comments?post=15"}],"version-history":[{"count":11,"href":"https:\/\/scpo-cybersecurityassociation.com\/index.php\/wp-json\/wp\/v2\/pages\/15\/revisions"}],"predecessor-version":[{"id":1540,"href":"https:\/\/scpo-cybersecurityassociation.com\/index.php\/wp-json\/wp\/v2\/pages\/15\/revisions\/1540"}],"wp:attachment":[{"href":"https:\/\/scpo-cybersecurityassociation.com\/index.php\/wp-json\/wp\/v2\/media?parent=15"}],"curies":[{"name":"wp","href":"https:\/\/api.w.org\/{rel}","templated":true}]}}